{"id":219,"date":"2022-12-19T18:02:21","date_gmt":"2022-12-19T18:02:21","guid":{"rendered":"https:\/\/itzelccomunica.com\/?page_id=219"},"modified":"2023-02-17T21:52:01","modified_gmt":"2023-02-17T21:52:01","slug":"identidad","status":"publish","type":"page","link":"https:\/\/itzelccomunica.com\/index.php\/identidad\/","title":{"rendered":"Identidad"},"content":{"rendered":"<p>[et_pb_section fb_built=&#8221;1&#8243; _builder_version=&#8221;4.19.4&#8243; _module_preset=&#8221;default&#8221; da_disable_devices=&#8221;off|off|off&#8221; global_colors_info=&#8221;{}&#8221; da_is_popup=&#8221;off&#8221; da_exit_intent=&#8221;off&#8221; da_has_close=&#8221;on&#8221; da_alt_close=&#8221;off&#8221; da_dark_close=&#8221;off&#8221; da_not_modal=&#8221;on&#8221; da_is_singular=&#8221;off&#8221; da_with_loader=&#8221;off&#8221; da_has_shadow=&#8221;on&#8221;][et_pb_row _builder_version=&#8221;4.19.4&#8243; _module_preset=&#8221;default&#8221; global_colors_info=&#8221;{}&#8221;][et_pb_column type=&#8221;4_4&#8243; _builder_version=&#8221;4.19.4&#8243; _module_preset=&#8221;default&#8221; global_colors_info=&#8221;{}&#8221;][et_pb_text _builder_version=&#8221;4.19.5&#8243; _module_preset=&#8221;default&#8221; header_2_font=&#8221;Raleway|300|||||||&#8221; header_2_text_color=&#8221;#6F321C&#8221; background_image=&#8221;https:\/\/itzelccomunica.com\/wp-content\/uploads\/2022\/11\/personal_stylist_29.png&#8221; background_size=&#8221;initial&#8221; background_repeat=&#8221;repeat&#8221; custom_margin=&#8221;15px||15px||true|false&#8221; custom_padding=&#8221;15px||15px||true|false&#8221; global_colors_info=&#8221;{}&#8221;]<\/p>\n<h2>IDENTIDAD VISUAL CORPORATIVA<\/h2>\n<p>[\/et_pb_text][et_pb_text _builder_version=&#8221;4.19.4&#8243; _module_preset=&#8221;default&#8221; header_2_font=&#8221;Raleway|300|||||||&#8221; global_colors_info=&#8221;{}&#8221;]<\/p>\n<p>Mi compromiso esta\u0301 en guiarte de la mejor manera para la creacio\u0301n, redisen\u0303o, o profesionalizacio\u0301n de tu marca, con el fin de potencializar sus atributos y transmitirlos para distinguirla en el mercado.<br \/>Queremos que todas las empresas que se acerquen, logren consolidar su imagen, ante la importancia actual de que tengan una identidad visual que las distinga en el mercado, misma que se potenciara\u0301 en todos los canales y materiales.<\/p>\n<p>[\/et_pb_text][\/et_pb_column][\/et_pb_row][et_pb_row _builder_version=&#8221;4.19.4&#8243; _module_preset=&#8221;default&#8221; global_colors_info=&#8221;{}&#8221;][et_pb_column type=&#8221;4_4&#8243; _builder_version=&#8221;4.19.4&#8243; _module_preset=&#8221;default&#8221; global_colors_info=&#8221;{}&#8221;][et_pb_text _builder_version=&#8221;4.19.4&#8243; _module_preset=&#8221;default&#8221; header_3_font=&#8221;Raleway|300|||||||&#8221; header_3_text_color=&#8221;#6F321C&#8221; global_colors_info=&#8221;{}&#8221;]<\/p>\n<h3>NECESIDADES ESCRITAS<\/h3>\n<p>[\/et_pb_text][\/et_pb_column][\/et_pb_row][et_pb_row column_structure=&#8221;1_2,1_2&#8243; _builder_version=&#8221;4.19.4&#8243; _module_preset=&#8221;default&#8221; global_colors_info=&#8221;{}&#8221;][et_pb_column type=&#8221;1_2&#8243; _builder_version=&#8221;4.19.4&#8243; _module_preset=&#8221;default&#8221; background_color=&#8221;RGBA(255,255,255,0)&#8221; custom_padding=&#8221;16px|10px|16px|10px|true|true&#8221; border_radii=&#8221;on|10px|10px|10px|10px&#8221; border_color_all=&#8221;#9D7255&#8243; box_shadow_style=&#8221;preset7&#8243; box_shadow_color=&#8221;#9D7255&#8243; global_colors_info=&#8221;{}&#8221;][et_pb_text _builder_version=&#8221;4.19.4&#8243; _module_preset=&#8221;default&#8221; text_font=&#8221;Raleway|500|||||||&#8221; text_font_size=&#8221;16px&#8221; header_3_font=&#8221;Raleway|300|||||||&#8221; header_4_font=&#8221;Raleway|300|||||||&#8221; header_4_text_color=&#8221;#6F321C&#8221; text_orientation=&#8221;center&#8221; border_color_all=&#8221;#9D7255&#8243; border_width_bottom=&#8221;1px&#8221; global_colors_info=&#8221;{}&#8221;]<\/p>\n<h4>CREACION DE NOMBRE EMPRESARIAL<\/h4>\n<p>[\/et_pb_text][et_pb_text _builder_version=&#8221;4.19.4&#8243; _module_preset=&#8221;default&#8221; border_color_all=&#8221;#9D7255&#8243; border_width_bottom=&#8221;1px&#8221; global_colors_info=&#8221;{}&#8221;]<\/p>\n<p style=\"text-align: center;\"><strong>$400<\/strong><\/p>\n<p style=\"text-align: center;\">Composici\u00f3n sencilla (3 a 4 propuestas) + slogan (2 propuestas)<\/p>\n<p>[\/et_pb_text][et_pb_text _builder_version=&#8221;4.19.4&#8243; _module_preset=&#8221;default&#8221; global_colors_info=&#8221;{}&#8221;]<\/p>\n<p style=\"text-align: center;\"><strong>$600<\/strong><\/p>\n<p style=\"text-align: center;\">Composici\u00f3n elaborada (5 a 6 propuestas) + slogan (4 propuestas, y mejores combinaciones sugeridas)<\/p>\n<p>[\/et_pb_text][\/et_pb_column][et_pb_column type=&#8221;1_2&#8243; _builder_version=&#8221;4.19.4&#8243; _module_preset=&#8221;default&#8221; background_color=&#8221;RGBA(255,255,255,0)&#8221; custom_padding=&#8221;16px|10px|16px|10px|true|true&#8221; border_radii=&#8221;on|10px|10px|10px|10px&#8221; border_color_all=&#8221;#9D7255&#8243; box_shadow_style=&#8221;preset4&#8243; box_shadow_color=&#8221;#9D7255&#8243; global_colors_info=&#8221;{}&#8221;][et_pb_text _builder_version=&#8221;4.19.4&#8243; _module_preset=&#8221;default&#8221; text_font=&#8221;|600|||||||&#8221; header_4_font=&#8221;Raleway|300|||||||&#8221; header_4_text_color=&#8221;#6F321C&#8221; text_orientation=&#8221;center&#8221; border_color_all=&#8221;#9D7255&#8243; border_width_bottom=&#8221;1px&#8221; global_colors_info=&#8221;{}&#8221;]<\/p>\n<h4>SLOGAN<\/h4>\n<p>[\/et_pb_text][et_pb_text _builder_version=&#8221;4.19.4&#8243; _module_preset=&#8221;default&#8221; border_color_all=&#8221;#9D7255&#8243; border_width_bottom=&#8221;1px&#8221; global_colors_info=&#8221;{}&#8221;]<\/p>\n<p style=\"text-align: center;\"><strong>$200<\/strong><\/p>\n<p style=\"text-align: center;\">3 propuestas<\/p>\n<p>[\/et_pb_text][et_pb_text _builder_version=&#8221;4.19.4&#8243; _module_preset=&#8221;default&#8221; global_colors_info=&#8221;{}&#8221;]<\/p>\n<p style=\"text-align: center;\"><strong>$400<\/strong><\/p>\n<p style=\"text-align: center;\">4 a 6 propuestas<\/p>\n<p>[\/et_pb_text][\/et_pb_column][\/et_pb_row][et_pb_row _builder_version=&#8221;4.19.4&#8243; _module_preset=&#8221;default&#8221; global_colors_info=&#8221;{}&#8221;][et_pb_column type=&#8221;4_4&#8243; _builder_version=&#8221;4.19.4&#8243; _module_preset=&#8221;default&#8221; global_colors_info=&#8221;{}&#8221;][et_pb_text _builder_version=&#8221;4.19.4&#8243; _module_preset=&#8221;default&#8221; header_3_font=&#8221;Raleway|300|||||||&#8221; header_3_text_color=&#8221;#6F321C&#8221; global_colors_info=&#8221;{}&#8221;]<\/p>\n<h3>NECESIDADES COMPLETAS<\/h3>\n<p>[\/et_pb_text][\/et_pb_column][\/et_pb_row][et_pb_row column_structure=&#8221;1_2,1_2&#8243; _builder_version=&#8221;4.19.4&#8243; _module_preset=&#8221;default&#8221; global_colors_info=&#8221;{}&#8221;][et_pb_column type=&#8221;1_2&#8243; _builder_version=&#8221;4.19.4&#8243; _module_preset=&#8221;default&#8221; background_color=&#8221;RGBA(255,255,255,0)&#8221; custom_padding=&#8221;16px|15px|16px|15px|true|true&#8221; border_radii=&#8221;on|10px|10px|10px|10px&#8221; border_color_all=&#8221;#9D7255&#8243; box_shadow_style=&#8221;preset7&#8243; box_shadow_color=&#8221;#9D7255&#8243; global_colors_info=&#8221;{}&#8221;][et_pb_text _builder_version=&#8221;4.19.4&#8243; _module_preset=&#8221;default&#8221; text_font=&#8221;Raleway|500|||||||&#8221; text_font_size=&#8221;16px&#8221; header_3_font=&#8221;Raleway|300|||||||&#8221; header_4_font=&#8221;Raleway|300|||||||&#8221; header_4_text_color=&#8221;#6F321C&#8221; text_orientation=&#8221;center&#8221; border_color_all=&#8221;#9D7255&#8243; border_width_bottom=&#8221;1px&#8221; global_colors_info=&#8221;{}&#8221;]<\/p>\n<h4>IDENTIDAD VISUAL CORPORATIVA<\/h4>\n<p>[\/et_pb_text][et_pb_text _builder_version=&#8221;4.19.5&#8243; _module_preset=&#8221;default&#8221; border_color_all=&#8221;#9D7255&#8243; global_colors_info=&#8221;{}&#8221;]<\/p>\n<p style=\"text-align: center;\"><strong>$3,000<\/strong><\/p>\n<p style=\"text-align: left;\"><strong>&#8211;<\/strong> Dise\u00f1o de logotipo, engloba 3 propuestas, con 3 rondas de cambios<\/p>\n<p style=\"text-align: left;\"><strong>&#8211;<\/strong> Normas de uso, paleta de colores y tipograf\u00edas<\/p>\n<p style=\"text-align: left;\"><strong>&#8211;<\/strong> 2 aplicaciones de papeler\u00eda a elecci\u00f3n (*Hoja membretada y tarjeta de presentaci\u00f3n sugeridas) Formatos finales a entregar: .ai, .pdf, .jpg y png<\/p>\n<p>[\/et_pb_text][\/et_pb_column][et_pb_column type=&#8221;1_2&#8243; _builder_version=&#8221;4.19.4&#8243; _module_preset=&#8221;default&#8221; background_color=&#8221;RGBA(255,255,255,0)&#8221; custom_padding=&#8221;16px|10px|16px|10px|true|true&#8221; border_radii=&#8221;on|10px|10px|10px|10px&#8221; border_color_all=&#8221;#9D7255&#8243; box_shadow_style=&#8221;preset4&#8243; box_shadow_color=&#8221;#9D7255&#8243; global_colors_info=&#8221;{}&#8221;][et_pb_text _builder_version=&#8221;4.19.5&#8243; _module_preset=&#8221;default&#8221; text_font=&#8221;|600|||||||&#8221; header_4_font=&#8221;Raleway|300|||||||&#8221; header_4_text_color=&#8221;#6F321C&#8221; text_orientation=&#8221;center&#8221; hover_enabled=&#8221;0&#8243; border_color_all=&#8221;#9D7255&#8243; border_width_bottom=&#8221;1px&#8221; global_colors_info=&#8221;{}&#8221; sticky_enabled=&#8221;0&#8243;]<\/p>\n<h4>LOGOTIPO + MANUAL DE IDENTIDAD CORPORATIVA<\/h4>\n<p>[\/et_pb_text][et_pb_text _builder_version=&#8221;4.19.5&#8243; _module_preset=&#8221;default&#8221; hover_enabled=&#8221;0&#8243; border_color_all=&#8221;#9D7255&#8243; global_colors_info=&#8221;{}&#8221; sticky_enabled=&#8221;0&#8243;]<\/p>\n<p style=\"text-align: center;\"><strong>$2,400<\/strong><strong><\/strong><\/p>\n<p style=\"text-align: left;\">&#8211; Dise\u00f1o de logotipo, engloba 3 propuestas, m\u00e1ximo 3 rondas de cambios.<\/p>\n<p style=\"text-align: left;\">&#8211; Manual completo con sistema de construcci\u00f3n, normas de uso, paleta de colores y tipograf\u00edas<\/p>\n<p style=\"text-align: left;\">&#8211; Formatos finales a entregar: .ai, .pdf, .jpg y png<\/p>\n<p style=\"text-align: center;\">[\/et_pb_text][\/et_pb_column][\/et_pb_row][et_pb_row column_structure=&#8221;1_2,1_2&#8243; _builder_version=&#8221;4.19.4&#8243; _module_preset=&#8221;default&#8221; global_colors_info=&#8221;{}&#8221;][et_pb_column type=&#8221;1_2&#8243; _builder_version=&#8221;4.19.4&#8243; _module_preset=&#8221;default&#8221; background_color=&#8221;RGBA(255,255,255,0)&#8221; custom_padding=&#8221;16px|15px|16px|15px|true|true&#8221; border_radii=&#8221;on|10px|10px|10px|10px&#8221; border_color_all=&#8221;#9D7255&#8243; box_shadow_style=&#8221;preset7&#8243; box_shadow_color=&#8221;#9D7255&#8243; global_colors_info=&#8221;{}&#8221;][et_pb_text _builder_version=&#8221;4.19.4&#8243; _module_preset=&#8221;default&#8221; text_font=&#8221;Raleway|500|||||||&#8221; text_font_size=&#8221;16px&#8221; header_3_font=&#8221;Raleway|300|||||||&#8221; header_4_font=&#8221;Raleway|300|||||||&#8221; header_4_text_color=&#8221;#6F321C&#8221; text_orientation=&#8221;center&#8221; border_color_all=&#8221;#9D7255&#8243; border_width_bottom=&#8221;1px&#8221; global_colors_info=&#8221;{}&#8221;]<\/p>\n<h4>IDENTIDAD CORPORATIVA COMPLETA<\/h4>\n<p>[\/et_pb_text][et_pb_text _builder_version=&#8221;4.19.5&#8243; _module_preset=&#8221;default&#8221; border_color_all=&#8221;#9D7255&#8243; global_colors_info=&#8221;{}&#8221;]<\/p>\n<p style=\"text-align: center;\"><strong>Logotipo + Manual de Identidad<\/strong><\/p>\n<p style=\"text-align: center;\"><strong>$3500 *con 2 aplicaciones<br \/>$3700 *con 4 aplicaciones<br \/>$3900 *con 5 aplicaciones<\/strong><\/p>\n<ul>\n<li style=\"text-align: justify;\">Dise\u00f1o de logotipo con 4 propuestas, 3\u00a0 rondas de cambios<\/li>\n<li style=\"text-align: justify;\">Manual completo de sistema de construcci\u00f3n, normas de uso<\/li>\n<li style=\"text-align: justify;\">Aplicaciones a elecci\u00f3n: papeler\u00eda, se\u00f1al\u00e9tica, uniformes, flyer u otro soporte de impresi\u00f3n que el cliente solicite.<\/li>\n<li style=\"text-align: justify;\">Formatos finales a entregar: .ai, .pdf, .jpg y png<\/li>\n<\/ul>\n<p>[\/et_pb_text][\/et_pb_column][et_pb_column type=&#8221;1_2&#8243; _builder_version=&#8221;4.19.4&#8243; _module_preset=&#8221;default&#8221; background_color=&#8221;RGBA(255,255,255,0)&#8221; custom_padding=&#8221;0px|0px|0px|0px|true|true&#8221; border_color_all=&#8221;#9D7255&#8243; global_colors_info=&#8221;{}&#8221;][\/et_pb_column][\/et_pb_row][\/et_pb_section]<\/p>\n","protected":false},"excerpt":{"rendered":"<p>IDENTIDAD VISUAL CORPORATIVAMi compromiso esta\u0301 en guiarte de la mejor manera para la creacio\u0301n, redisen\u0303o, o profesionalizacio\u0301n de tu marca, con el fin de potencializar sus atributos y transmitirlos para distinguirla en el mercado.Queremos que todas las empresas que se acerquen, logren consolidar su imagen, ante la importancia actual de que tengan una identidad visual [&hellip;]<\/p>\n","protected":false},"author":1,"featured_media":0,"parent":0,"menu_order":0,"comment_status":"closed","ping_status":"closed","template":"","meta":{"_et_pb_use_builder":"on","_et_pb_old_content":"","_et_gb_content_width":""},"yoast_head":"<!-- This site is optimized with the Yoast SEO plugin v20.1 - https:\/\/yoast.com\/wordpress\/plugins\/seo\/ -->\n<title>Identidad &ndash; Itzel CComunica<\/title>\n<meta name=\"robots\" content=\"index, follow, max-snippet:-1, max-image-preview:large, max-video-preview:-1\" \/>\n<link rel=\"canonical\" href=\"https:\/\/itzelccomunica.com\/index.php\/identidad\/\" \/>\n<meta property=\"og:locale\" content=\"en_US\" \/>\n<meta property=\"og:type\" content=\"article\" \/>\n<meta property=\"og:title\" content=\"Identidad &ndash; Itzel CComunica\" \/>\n<meta property=\"og:description\" content=\"IDENTIDAD VISUAL CORPORATIVAMi compromiso esta\u0301 en guiarte de la mejor manera para la creacio\u0301n, redisen\u0303o, o profesionalizacio\u0301n de tu marca, con el fin de potencializar sus atributos y transmitirlos para distinguirla en el mercado.Queremos que todas las empresas que se acerquen, logren consolidar su imagen, ante la importancia actual de que tengan una identidad visual [&hellip;]\" \/>\n<meta property=\"og:url\" content=\"https:\/\/itzelccomunica.com\/index.php\/identidad\/\" \/>\n<meta property=\"og:site_name\" content=\"Itzel CComunica\" \/>\n<meta property=\"article:modified_time\" content=\"2023-02-17T21:52:01+00:00\" \/>\n<meta property=\"og:image\" content=\"https:\/\/itzelccomunica.com\/wp-content\/uploads\/2023\/01\/LOGO-ITZEL.png\" \/>\n\t<meta property=\"og:image:width\" content=\"1500\" \/>\n\t<meta property=\"og:image:height\" content=\"515\" \/>\n\t<meta property=\"og:image:type\" content=\"image\/png\" \/>\n<meta name=\"twitter:card\" content=\"summary_large_image\" \/>\n<meta name=\"twitter:label1\" content=\"Est. reading time\" \/>\n\t<meta name=\"twitter:data1\" content=\"6 minutes\" \/>\n<script type=\"application\/ld+json\" class=\"yoast-schema-graph\">{\"@context\":\"https:\/\/schema.org\",\"@graph\":[{\"@type\":\"WebPage\",\"@id\":\"https:\/\/itzelccomunica.com\/index.php\/identidad\/\",\"url\":\"https:\/\/itzelccomunica.com\/index.php\/identidad\/\",\"name\":\"Identidad &ndash; Itzel CComunica\",\"isPartOf\":{\"@id\":\"https:\/\/itzelccomunica.com\/#website\"},\"datePublished\":\"2022-12-19T18:02:21+00:00\",\"dateModified\":\"2023-02-17T21:52:01+00:00\",\"breadcrumb\":{\"@id\":\"https:\/\/itzelccomunica.com\/index.php\/identidad\/#breadcrumb\"},\"inLanguage\":\"en-US\",\"potentialAction\":[{\"@type\":\"ReadAction\",\"target\":[\"https:\/\/itzelccomunica.com\/index.php\/identidad\/\"]}]},{\"@type\":\"BreadcrumbList\",\"@id\":\"https:\/\/itzelccomunica.com\/index.php\/identidad\/#breadcrumb\",\"itemListElement\":[{\"@type\":\"ListItem\",\"position\":1,\"name\":\"Home\",\"item\":\"https:\/\/itzelccomunica.com\/\"},{\"@type\":\"ListItem\",\"position\":2,\"name\":\"Identidad\"}]},{\"@type\":\"WebSite\",\"@id\":\"https:\/\/itzelccomunica.com\/#website\",\"url\":\"https:\/\/itzelccomunica.com\/\",\"name\":\"Itzel CComunica\",\"description\":\"Sera\u0301 un placer ayudarte a crear un lenguaje para tu marca, guiarte y transmitirlo.\",\"potentialAction\":[{\"@type\":\"SearchAction\",\"target\":{\"@type\":\"EntryPoint\",\"urlTemplate\":\"https:\/\/itzelccomunica.com\/?s={search_term_string}\"},\"query-input\":\"required name=search_term_string\"}],\"inLanguage\":\"en-US\"}]}<\/script>\n<!-- \/ Yoast SEO plugin. -->","yoast_head_json":{"title":"Identidad &ndash; Itzel CComunica","robots":{"index":"index","follow":"follow","max-snippet":"max-snippet:-1","max-image-preview":"max-image-preview:large","max-video-preview":"max-video-preview:-1"},"canonical":"https:\/\/itzelccomunica.com\/index.php\/identidad\/","og_locale":"en_US","og_type":"article","og_title":"Identidad &ndash; Itzel CComunica","og_description":"IDENTIDAD VISUAL CORPORATIVAMi compromiso esta\u0301 en guiarte de la mejor manera para la creacio\u0301n, redisen\u0303o, o profesionalizacio\u0301n de tu marca, con el fin de potencializar sus atributos y transmitirlos para distinguirla en el mercado.Queremos que todas las empresas que se acerquen, logren consolidar su imagen, ante la importancia actual de que tengan una identidad visual [&hellip;]","og_url":"https:\/\/itzelccomunica.com\/index.php\/identidad\/","og_site_name":"Itzel CComunica","article_modified_time":"2023-02-17T21:52:01+00:00","og_image":[{"width":1500,"height":515,"url":"https:\/\/itzelccomunica.com\/wp-content\/uploads\/2023\/01\/LOGO-ITZEL.png","type":"image\/png"}],"twitter_card":"summary_large_image","twitter_misc":{"Est. reading time":"6 minutes"},"schema":{"@context":"https:\/\/schema.org","@graph":[{"@type":"WebPage","@id":"https:\/\/itzelccomunica.com\/index.php\/identidad\/","url":"https:\/\/itzelccomunica.com\/index.php\/identidad\/","name":"Identidad &ndash; Itzel CComunica","isPartOf":{"@id":"https:\/\/itzelccomunica.com\/#website"},"datePublished":"2022-12-19T18:02:21+00:00","dateModified":"2023-02-17T21:52:01+00:00","breadcrumb":{"@id":"https:\/\/itzelccomunica.com\/index.php\/identidad\/#breadcrumb"},"inLanguage":"en-US","potentialAction":[{"@type":"ReadAction","target":["https:\/\/itzelccomunica.com\/index.php\/identidad\/"]}]},{"@type":"BreadcrumbList","@id":"https:\/\/itzelccomunica.com\/index.php\/identidad\/#breadcrumb","itemListElement":[{"@type":"ListItem","position":1,"name":"Home","item":"https:\/\/itzelccomunica.com\/"},{"@type":"ListItem","position":2,"name":"Identidad"}]},{"@type":"WebSite","@id":"https:\/\/itzelccomunica.com\/#website","url":"https:\/\/itzelccomunica.com\/","name":"Itzel CComunica","description":"Sera\u0301 un placer ayudarte a crear un lenguaje para tu marca, guiarte y transmitirlo.","potentialAction":[{"@type":"SearchAction","target":{"@type":"EntryPoint","urlTemplate":"https:\/\/itzelccomunica.com\/?s={search_term_string}"},"query-input":"required name=search_term_string"}],"inLanguage":"en-US"}]}},"_links":{"self":[{"href":"https:\/\/itzelccomunica.com\/index.php\/wp-json\/wp\/v2\/pages\/219"}],"collection":[{"href":"https:\/\/itzelccomunica.com\/index.php\/wp-json\/wp\/v2\/pages"}],"about":[{"href":"https:\/\/itzelccomunica.com\/index.php\/wp-json\/wp\/v2\/types\/page"}],"author":[{"embeddable":true,"href":"https:\/\/itzelccomunica.com\/index.php\/wp-json\/wp\/v2\/users\/1"}],"replies":[{"embeddable":true,"href":"https:\/\/itzelccomunica.com\/index.php\/wp-json\/wp\/v2\/comments?post=219"}],"version-history":[{"count":23,"href":"https:\/\/itzelccomunica.com\/index.php\/wp-json\/wp\/v2\/pages\/219\/revisions"}],"predecessor-version":[{"id":1196,"href":"https:\/\/itzelccomunica.com\/index.php\/wp-json\/wp\/v2\/pages\/219\/revisions\/1196"}],"wp:attachment":[{"href":"https:\/\/itzelccomunica.com\/index.php\/wp-json\/wp\/v2\/media?parent=219"}],"curies":[{"name":"wp","href":"https:\/\/api.w.org\/{rel}","templated":true}]}}