{"id":301,"date":"2022-12-26T15:01:29","date_gmt":"2022-12-26T15:01:29","guid":{"rendered":"https:\/\/itzelccomunica.com\/?page_id=301"},"modified":"2024-02-21T17:42:12","modified_gmt":"2024-02-21T17:42:12","slug":"diseno-grafico","status":"publish","type":"page","link":"https:\/\/itzelccomunica.com\/index.php\/diseno-grafico\/","title":{"rendered":"Dise\u00f1o Grafico"},"content":{"rendered":"<p>[et_pb_section fb_built=&#8221;1&#8243; _builder_version=&#8221;4.19.4&#8243; _module_preset=&#8221;default&#8221; da_disable_devices=&#8221;off|off|off&#8221; global_colors_info=&#8221;{}&#8221; da_is_popup=&#8221;off&#8221; da_exit_intent=&#8221;off&#8221; da_has_close=&#8221;on&#8221; da_alt_close=&#8221;off&#8221; da_dark_close=&#8221;off&#8221; da_not_modal=&#8221;on&#8221; da_is_singular=&#8221;off&#8221; da_with_loader=&#8221;off&#8221; da_has_shadow=&#8221;on&#8221;][et_pb_row _builder_version=&#8221;4.19.4&#8243; _module_preset=&#8221;default&#8221; global_colors_info=&#8221;{}&#8221;][et_pb_column type=&#8221;4_4&#8243; _builder_version=&#8221;4.19.4&#8243; _module_preset=&#8221;default&#8221; global_colors_info=&#8221;{}&#8221;][et_pb_text _builder_version=&#8221;4.19.5&#8243; _module_preset=&#8221;default&#8221; header_2_font=&#8221;Raleway|300|||||||&#8221; header_2_text_color=&#8221;#6F321C&#8221; background_image=&#8221;https:\/\/itzelccomunica.com\/wp-content\/uploads\/2022\/11\/personal_stylist_29.png&#8221; background_size=&#8221;initial&#8221; background_repeat=&#8221;repeat&#8221; custom_padding=&#8221;15px||15px||true|false&#8221; global_colors_info=&#8221;{}&#8221;]<\/p>\n<h2>DISE\u00d1O GR\u00c1FICO PROFESIONAL<\/h2>\n<p>[\/et_pb_text][et_pb_text _builder_version=&#8221;4.19.5&#8243; _module_preset=&#8221;default&#8221; header_2_font=&#8221;Raleway|300|||||||&#8221; global_colors_info=&#8221;{}&#8221;]<\/p>\n<p>El disen\u0303o esta\u0301 presente en muchas a\u0301reas de la vida, la creacio\u0301n arti\u0301stica gra\u0301fica es una pieza clave para transmitir eficazmente cualquier mensaje o idea de manera creativa. Desde la creacio\u0301n de una firma o logotipo sencillo, toda la papeleri\u0301a que requiere una empresa, hasta un motion graphics. Te ayudaremos a plasmar con creatividad las mejores ideas.<\/p>\n<p>[\/et_pb_text][\/et_pb_column][\/et_pb_row][et_pb_row column_structure=&#8221;1_2,1_2&#8243; _builder_version=&#8221;4.19.5&#8243; _module_preset=&#8221;default&#8221; global_colors_info=&#8221;{}&#8221;][et_pb_column type=&#8221;1_2&#8243; _builder_version=&#8221;4.19.4&#8243; _module_preset=&#8221;default&#8221; background_color=&#8221;RGBA(255,255,255,0)&#8221; custom_padding=&#8221;16px|10px|16px|10px|true|true&#8221; border_radii=&#8221;on|10px|10px|10px|10px&#8221; border_color_all=&#8221;#9D7255&#8243; box_shadow_style=&#8221;preset7&#8243; box_shadow_color=&#8221;#9D7255&#8243; global_colors_info=&#8221;{}&#8221;][et_pb_text _builder_version=&#8221;4.19.5&#8243; _module_preset=&#8221;default&#8221; text_font=&#8221;Raleway|500|||||||&#8221; text_text_color=&#8221;#6F321C&#8221; text_font_size=&#8221;16px&#8221; header_3_font=&#8221;Raleway|300|||||||&#8221; header_4_font=&#8221;Raleway|300|||||||&#8221; header_4_text_color=&#8221;#6F321C&#8221; text_orientation=&#8221;center&#8221; border_color_all=&#8221;#9D7255&#8243; border_width_bottom=&#8221;1px&#8221; global_colors_info=&#8221;{}&#8221;]<\/p>\n<h4>LOGOTIPO FORMAL<\/h4>\n<p>[\/et_pb_text][et_pb_text _builder_version=&#8221;4.19.5&#8243; _module_preset=&#8221;default&#8221; hover_enabled=&#8221;0&#8243; border_color_all=&#8221;#9D7255&#8243; global_colors_info=&#8221;{}&#8221; sticky_enabled=&#8221;0&#8243;]<\/p>\n<p style=\"text-align: center;\"><strong>$1600<\/strong><\/p>\n<p style=\"text-align: center;\">Dise\u00f1o de logotipo: engloba 3 propuestas, hasta 3 rondas de cambios\/ajustes sobre opci\u00f3n elegida.<\/p>\n<p style=\"text-align: center;\">Incluye paleta de colores y tipograf\u00edas<br \/>Formatos finales a entregar: .ai, .pdf, .jpg y png<br \/>*No incluye aplicaciones<\/p>\n<p>[\/et_pb_text][\/et_pb_column][et_pb_column type=&#8221;1_2&#8243; _builder_version=&#8221;4.19.5&#8243; _module_preset=&#8221;default&#8221; background_color=&#8221;RGBA(255,255,255,0)&#8221; custom_padding=&#8221;16px|10px|16px|10px|true|true&#8221; border_radii=&#8221;on|10px|10px|10px|10px&#8221; border_color_all=&#8221;#9D7255&#8243; box_shadow_style=&#8221;preset4&#8243; box_shadow_color=&#8221;#9D7255&#8243; global_colors_info=&#8221;{}&#8221;][et_pb_text _builder_version=&#8221;4.19.4&#8243; _module_preset=&#8221;default&#8221; text_font=&#8221;|600|||||||&#8221; header_4_font=&#8221;Raleway|300|||||||&#8221; header_4_text_color=&#8221;#6F321C&#8221; text_orientation=&#8221;center&#8221; border_color_all=&#8221;#9D7255&#8243; border_width_bottom=&#8221;1px&#8221; global_colors_info=&#8221;{}&#8221;]<\/p>\n<h4>REDISE\u00d1O DE LOGOTIPO<\/h4>\n<p>[\/et_pb_text][et_pb_text _builder_version=&#8221;4.19.5&#8243; _module_preset=&#8221;default&#8221; hover_enabled=&#8221;0&#8243; border_color_all=&#8221;#9D7255&#8243; global_colors_info=&#8221;{}&#8221; sticky_enabled=&#8221;0&#8243;]<\/p>\n<p style=\"text-align: center;\"><strong>$1500<\/strong><\/p>\n<p style=\"text-align: center;\">Dise\u00f1o de logotipo a partir de referentes de marca existente.<br \/>Engloba 3 propuestas, de 2 a 3 rondas de cambios<br \/>*No incluye aplicaciones<br \/>Formatos finales a entregar: .ai, .pdf, .jpg y png<\/p>\n<p style=\"text-align: center;\">[\/et_pb_text][\/et_pb_column][\/et_pb_row][et_pb_row column_structure=&#8221;1_2,1_2&#8243; _builder_version=&#8221;4.19.5&#8243; _module_preset=&#8221;default&#8221; custom_margin=&#8221;||||false|false&#8221; custom_padding=&#8221;||||true|true&#8221; global_colors_info=&#8221;{}&#8221;][et_pb_column type=&#8221;1_2&#8243; _builder_version=&#8221;4.19.4&#8243; _module_preset=&#8221;default&#8221; background_color=&#8221;RGBA(255,255,255,0)&#8221; custom_padding=&#8221;16px|10px|16px|10px|true|true&#8221; border_radii=&#8221;on|10px|10px|10px|10px&#8221; border_color_all=&#8221;#9D7255&#8243; box_shadow_style=&#8221;preset7&#8243; box_shadow_color=&#8221;#9D7255&#8243; global_colors_info=&#8221;{}&#8221;][et_pb_text _builder_version=&#8221;4.19.4&#8243; _module_preset=&#8221;default&#8221; text_font=&#8221;Raleway|500|||||||&#8221; text_font_size=&#8221;16px&#8221; header_3_font=&#8221;Raleway|300|||||||&#8221; header_4_font=&#8221;Raleway|300|||||||&#8221; header_4_text_color=&#8221;#6F321C&#8221; text_orientation=&#8221;center&#8221; border_color_all=&#8221;#9D7255&#8243; border_width_bottom=&#8221;1px&#8221; global_colors_info=&#8221;{}&#8221;]<\/p>\n<h4>LOGOTIPO SENCILLO<\/h4>\n<p>[\/et_pb_text][et_pb_text _builder_version=&#8221;4.19.5&#8243; _module_preset=&#8221;default&#8221; hover_enabled=&#8221;0&#8243; border_color_all=&#8221;#9D7255&#8243; global_colors_info=&#8221;{}&#8221; sticky_enabled=&#8221;0&#8243;]<\/p>\n<p style=\"text-align: center;\"><strong>$1300<\/strong><\/p>\n<p style=\"text-align: center;\">Dise\u00f1o de logotipo: engloba 2 propuestas, 1 rondas de cambio.<br \/>*No incluye aplicaciones<br \/>Formatos finales a entregar: .ai, .pdf, .jpg y png<\/p>\n<p>[\/et_pb_text][\/et_pb_column][et_pb_column type=&#8221;1_2&#8243; _builder_version=&#8221;4.19.5&#8243; _module_preset=&#8221;default&#8221; background_color=&#8221;RGBA(255,255,255,0)&#8221; custom_padding=&#8221;16px|10px|16px|10px|true|true&#8221; border_radii=&#8221;on|10px|10px|10px|10px&#8221; border_color_all=&#8221;#9D7255&#8243; box_shadow_style=&#8221;preset4&#8243; box_shadow_color=&#8221;#9D7255&#8243; global_colors_info=&#8221;{}&#8221;][et_pb_text _builder_version=&#8221;4.19.5&#8243; _module_preset=&#8221;default&#8221; text_font=&#8221;|600|||||||&#8221; header_4_font=&#8221;Raleway|300|||||||&#8221; header_4_text_color=&#8221;#6F321C&#8221; text_orientation=&#8221;center&#8221; border_color_all=&#8221;#9D7255&#8243; border_width_bottom=&#8221;1px&#8221; global_colors_info=&#8221;{}&#8221;]<\/p>\n<h4>DISE\u00d1O REDES SOCIALES<\/h4>\n<p>[\/et_pb_text][et_pb_text _builder_version=&#8221;4.19.5&#8243; _module_preset=&#8221;default&#8221; border_color_all=&#8221;#9D7255&#8243; global_colors_info=&#8221;{}&#8221;]<\/p>\n<p style=\"text-align: left;\">Formatos finales a entregar: .ai, .pdf, .jpg y pngDise\u00f1os para FB, IG, Whatsapp (individuales, carruseles, infograf\u00edas, fondos, etc.)<\/p>\n<p style=\"text-align: left;\">Precios variables dependiendo del material, favor de consultarnos.<\/p>\n<p style=\"text-align: left;\">\n<p style=\"text-align: left;\">\n<p style=\"text-align: left;\">\n<p style=\"text-align: center;\">[\/et_pb_text][\/et_pb_column][\/et_pb_row][\/et_pb_section]<\/p>\n","protected":false},"excerpt":{"rendered":"<p>DISE\u00d1O GR\u00c1FICO PROFESIONALEl disen\u0303o esta\u0301 presente en muchas a\u0301reas de la vida, la creacio\u0301n arti\u0301stica gra\u0301fica es una pieza clave para transmitir eficazmente cualquier mensaje o idea de manera creativa. Desde la creacio\u0301n de una firma o logotipo sencillo, toda la papeleri\u0301a que requiere una empresa, hasta un motion graphics. Te ayudaremos a plasmar con [&hellip;]<\/p>\n","protected":false},"author":1,"featured_media":0,"parent":0,"menu_order":0,"comment_status":"closed","ping_status":"closed","template":"","meta":{"_et_pb_use_builder":"on","_et_pb_old_content":"","_et_gb_content_width":""},"yoast_head":"<!-- This site is optimized with the Yoast SEO plugin v20.1 - https:\/\/yoast.com\/wordpress\/plugins\/seo\/ -->\n<title>Dise\u00f1o Grafico &ndash; Itzel CComunica<\/title>\n<meta name=\"robots\" content=\"index, follow, max-snippet:-1, max-image-preview:large, max-video-preview:-1\" \/>\n<link rel=\"canonical\" href=\"https:\/\/itzelccomunica.com\/index.php\/diseno-grafico\/\" \/>\n<meta property=\"og:locale\" content=\"en_US\" \/>\n<meta property=\"og:type\" content=\"article\" \/>\n<meta property=\"og:title\" content=\"Dise\u00f1o Grafico &ndash; Itzel CComunica\" \/>\n<meta property=\"og:description\" content=\"DISE\u00d1O GR\u00c1FICO PROFESIONALEl disen\u0303o esta\u0301 presente en muchas a\u0301reas de la vida, la creacio\u0301n arti\u0301stica gra\u0301fica es una pieza clave para transmitir eficazmente cualquier mensaje o idea de manera creativa. Desde la creacio\u0301n de una firma o logotipo sencillo, toda la papeleri\u0301a que requiere una empresa, hasta un motion graphics. Te ayudaremos a plasmar con [&hellip;]\" \/>\n<meta property=\"og:url\" content=\"https:\/\/itzelccomunica.com\/index.php\/diseno-grafico\/\" \/>\n<meta property=\"og:site_name\" content=\"Itzel CComunica\" \/>\n<meta property=\"article:modified_time\" content=\"2024-02-21T17:42:12+00:00\" \/>\n<meta property=\"og:image\" content=\"https:\/\/itzelccomunica.com\/wp-content\/uploads\/2023\/01\/LOGO-ITZEL.png\" \/>\n\t<meta property=\"og:image:width\" content=\"1500\" \/>\n\t<meta property=\"og:image:height\" content=\"515\" \/>\n\t<meta property=\"og:image:type\" content=\"image\/png\" \/>\n<meta name=\"twitter:card\" content=\"summary_large_image\" \/>\n<meta name=\"twitter:label1\" content=\"Est. reading time\" \/>\n\t<meta name=\"twitter:data1\" content=\"4 minutes\" \/>\n<script type=\"application\/ld+json\" class=\"yoast-schema-graph\">{\"@context\":\"https:\/\/schema.org\",\"@graph\":[{\"@type\":\"WebPage\",\"@id\":\"https:\/\/itzelccomunica.com\/index.php\/diseno-grafico\/\",\"url\":\"https:\/\/itzelccomunica.com\/index.php\/diseno-grafico\/\",\"name\":\"Dise\u00f1o Grafico &ndash; Itzel CComunica\",\"isPartOf\":{\"@id\":\"https:\/\/itzelccomunica.com\/#website\"},\"datePublished\":\"2022-12-26T15:01:29+00:00\",\"dateModified\":\"2024-02-21T17:42:12+00:00\",\"breadcrumb\":{\"@id\":\"https:\/\/itzelccomunica.com\/index.php\/diseno-grafico\/#breadcrumb\"},\"inLanguage\":\"en-US\",\"potentialAction\":[{\"@type\":\"ReadAction\",\"target\":[\"https:\/\/itzelccomunica.com\/index.php\/diseno-grafico\/\"]}]},{\"@type\":\"BreadcrumbList\",\"@id\":\"https:\/\/itzelccomunica.com\/index.php\/diseno-grafico\/#breadcrumb\",\"itemListElement\":[{\"@type\":\"ListItem\",\"position\":1,\"name\":\"Home\",\"item\":\"https:\/\/itzelccomunica.com\/\"},{\"@type\":\"ListItem\",\"position\":2,\"name\":\"Dise\u00f1o Grafico\"}]},{\"@type\":\"WebSite\",\"@id\":\"https:\/\/itzelccomunica.com\/#website\",\"url\":\"https:\/\/itzelccomunica.com\/\",\"name\":\"Itzel CComunica\",\"description\":\"Sera\u0301 un placer ayudarte a crear un lenguaje para tu marca, guiarte y transmitirlo.\",\"potentialAction\":[{\"@type\":\"SearchAction\",\"target\":{\"@type\":\"EntryPoint\",\"urlTemplate\":\"https:\/\/itzelccomunica.com\/?s={search_term_string}\"},\"query-input\":\"required name=search_term_string\"}],\"inLanguage\":\"en-US\"}]}<\/script>\n<!-- \/ Yoast SEO plugin. -->","yoast_head_json":{"title":"Dise\u00f1o Grafico &ndash; Itzel CComunica","robots":{"index":"index","follow":"follow","max-snippet":"max-snippet:-1","max-image-preview":"max-image-preview:large","max-video-preview":"max-video-preview:-1"},"canonical":"https:\/\/itzelccomunica.com\/index.php\/diseno-grafico\/","og_locale":"en_US","og_type":"article","og_title":"Dise\u00f1o Grafico &ndash; Itzel CComunica","og_description":"DISE\u00d1O GR\u00c1FICO PROFESIONALEl disen\u0303o esta\u0301 presente en muchas a\u0301reas de la vida, la creacio\u0301n arti\u0301stica gra\u0301fica es una pieza clave para transmitir eficazmente cualquier mensaje o idea de manera creativa. Desde la creacio\u0301n de una firma o logotipo sencillo, toda la papeleri\u0301a que requiere una empresa, hasta un motion graphics. Te ayudaremos a plasmar con [&hellip;]","og_url":"https:\/\/itzelccomunica.com\/index.php\/diseno-grafico\/","og_site_name":"Itzel CComunica","article_modified_time":"2024-02-21T17:42:12+00:00","og_image":[{"width":1500,"height":515,"url":"https:\/\/itzelccomunica.com\/wp-content\/uploads\/2023\/01\/LOGO-ITZEL.png","type":"image\/png"}],"twitter_card":"summary_large_image","twitter_misc":{"Est. reading time":"4 minutes"},"schema":{"@context":"https:\/\/schema.org","@graph":[{"@type":"WebPage","@id":"https:\/\/itzelccomunica.com\/index.php\/diseno-grafico\/","url":"https:\/\/itzelccomunica.com\/index.php\/diseno-grafico\/","name":"Dise\u00f1o Grafico &ndash; Itzel CComunica","isPartOf":{"@id":"https:\/\/itzelccomunica.com\/#website"},"datePublished":"2022-12-26T15:01:29+00:00","dateModified":"2024-02-21T17:42:12+00:00","breadcrumb":{"@id":"https:\/\/itzelccomunica.com\/index.php\/diseno-grafico\/#breadcrumb"},"inLanguage":"en-US","potentialAction":[{"@type":"ReadAction","target":["https:\/\/itzelccomunica.com\/index.php\/diseno-grafico\/"]}]},{"@type":"BreadcrumbList","@id":"https:\/\/itzelccomunica.com\/index.php\/diseno-grafico\/#breadcrumb","itemListElement":[{"@type":"ListItem","position":1,"name":"Home","item":"https:\/\/itzelccomunica.com\/"},{"@type":"ListItem","position":2,"name":"Dise\u00f1o Grafico"}]},{"@type":"WebSite","@id":"https:\/\/itzelccomunica.com\/#website","url":"https:\/\/itzelccomunica.com\/","name":"Itzel CComunica","description":"Sera\u0301 un placer ayudarte a crear un lenguaje para tu marca, guiarte y transmitirlo.","potentialAction":[{"@type":"SearchAction","target":{"@type":"EntryPoint","urlTemplate":"https:\/\/itzelccomunica.com\/?s={search_term_string}"},"query-input":"required name=search_term_string"}],"inLanguage":"en-US"}]}},"_links":{"self":[{"href":"https:\/\/itzelccomunica.com\/index.php\/wp-json\/wp\/v2\/pages\/301"}],"collection":[{"href":"https:\/\/itzelccomunica.com\/index.php\/wp-json\/wp\/v2\/pages"}],"about":[{"href":"https:\/\/itzelccomunica.com\/index.php\/wp-json\/wp\/v2\/types\/page"}],"author":[{"embeddable":true,"href":"https:\/\/itzelccomunica.com\/index.php\/wp-json\/wp\/v2\/users\/1"}],"replies":[{"embeddable":true,"href":"https:\/\/itzelccomunica.com\/index.php\/wp-json\/wp\/v2\/comments?post=301"}],"version-history":[{"count":12,"href":"https:\/\/itzelccomunica.com\/index.php\/wp-json\/wp\/v2\/pages\/301\/revisions"}],"predecessor-version":[{"id":1232,"href":"https:\/\/itzelccomunica.com\/index.php\/wp-json\/wp\/v2\/pages\/301\/revisions\/1232"}],"wp:attachment":[{"href":"https:\/\/itzelccomunica.com\/index.php\/wp-json\/wp\/v2\/media?parent=301"}],"curies":[{"name":"wp","href":"https:\/\/api.w.org\/{rel}","templated":true}]}}