{"id":306,"date":"2022-12-26T15:48:38","date_gmt":"2022-12-26T15:48:38","guid":{"rendered":"https:\/\/itzelccomunica.com\/?page_id=306"},"modified":"2023-02-17T15:17:06","modified_gmt":"2023-02-17T15:17:06","slug":"escritura-desde-la-estrategia","status":"publish","type":"page","link":"https:\/\/itzelccomunica.com\/index.php\/escritura-desde-la-estrategia\/","title":{"rendered":"Escritura desde la estrategia"},"content":{"rendered":"<p>[et_pb_section fb_built=&#8221;1&#8243; _builder_version=&#8221;4.19.4&#8243; _module_preset=&#8221;default&#8221; da_disable_devices=&#8221;off|off|off&#8221; global_colors_info=&#8221;{}&#8221; da_is_popup=&#8221;off&#8221; da_exit_intent=&#8221;off&#8221; da_has_close=&#8221;on&#8221; da_alt_close=&#8221;off&#8221; da_dark_close=&#8221;off&#8221; da_not_modal=&#8221;on&#8221; da_is_singular=&#8221;off&#8221; da_with_loader=&#8221;off&#8221; da_has_shadow=&#8221;on&#8221;][et_pb_row _builder_version=&#8221;4.19.4&#8243; _module_preset=&#8221;default&#8221; global_colors_info=&#8221;{}&#8221;][et_pb_column type=&#8221;4_4&#8243; _builder_version=&#8221;4.19.4&#8243; _module_preset=&#8221;default&#8221; global_colors_info=&#8221;{}&#8221;][et_pb_text _builder_version=&#8221;4.19.5&#8243; _module_preset=&#8221;default&#8221; header_2_font=&#8221;Raleway|300|||||||&#8221; header_2_text_color=&#8221;#6F321C&#8221; hover_enabled=&#8221;0&#8243; global_colors_info=&#8221;{}&#8221; title_text=&#8221;personal_stylist_29&#8243; background_image=&#8221;https:\/\/itzelccomunica.com\/wp-content\/uploads\/2022\/11\/personal_stylist_29.png&#8221; background_size=&#8221;initial&#8221; background_repeat=&#8221;repeat&#8221; custom_margin=&#8221;||||true|false&#8221; custom_padding=&#8221;15px||15px||true|false&#8221; sticky_enabled=&#8221;0&#8243;]<\/p>\n<h2>ESTRATEGIA DESDE LA ESCRITURA<\/h2>\n<p>[\/et_pb_text][\/et_pb_column][\/et_pb_row][et_pb_row column_structure=&#8221;1_2,1_2&#8243; _builder_version=&#8221;4.19.4&#8243; _module_preset=&#8221;default&#8221; global_colors_info=&#8221;{}&#8221;][et_pb_column type=&#8221;1_2&#8243; _builder_version=&#8221;4.19.4&#8243; _module_preset=&#8221;default&#8221; global_colors_info=&#8221;{}&#8221;][et_pb_video src_webm=&#8221;https:\/\/itzelccomunica.com\/wp-content\/uploads\/2023\/01\/IMG_6272.mp4&#8243; play_icon_color=&#8221;#6F321C&#8221; thumbnail_overlay_color=&#8221;RGBA(255,255,255,0)&#8221; module_id=&#8221;escritura_estrategia&#8221; module_class=&#8221;lip-video-autoplay&#8221; _builder_version=&#8221;4.19.4&#8243; _module_preset=&#8221;default&#8221; global_colors_info=&#8221;{}&#8221;][\/et_pb_video][\/et_pb_column][et_pb_column type=&#8221;1_2&#8243; _builder_version=&#8221;4.19.4&#8243; _module_preset=&#8221;default&#8221; global_colors_info=&#8221;{}&#8221;][et_pb_text _builder_version=&#8221;4.19.5&#8243; _module_preset=&#8221;default&#8221; header_2_font=&#8221;Raleway|300|||||||&#8221; header_3_text_color=&#8221;#6F321C&#8221; global_colors_info=&#8221;{}&#8221;]<\/p>\n<p>Para toda marca con miras profesionales y empresariales, la escritura y redaccio\u0301n es un pilar de la comunicacio\u0301n que interactu\u0301a como carta de presentacio\u0301n al pu\u0301blico, tanto en la Publicidad como en el Periodismo, la correcta escritura y redaccio\u0301n es vital para transmitir eficazmente un mensaje.<\/p>\n<p>&nbsp;<\/p>\n<h3>COPYWRITING\/ REDACCI\u00d3N EDITORIAL<\/h3>\n<p>&nbsp;<\/p>\n<p>Art\u00edculos, notas period\u00edsticas, comunicados, avisos, carta editorial, columna, ensayo, rese\u00f1a curatorial, etc.<\/p>\n<p>&nbsp;<\/p>\n<p>[\/et_pb_text][\/et_pb_column][\/et_pb_row][et_pb_row column_structure=&#8221;1_2,1_2&#8243; _builder_version=&#8221;4.19.4&#8243; _module_preset=&#8221;default&#8221; global_colors_info=&#8221;{}&#8221;][et_pb_column type=&#8221;1_2&#8243; _builder_version=&#8221;4.19.4&#8243; _module_preset=&#8221;default&#8221; background_color=&#8221;RGBA(255,255,255,0)&#8221; custom_padding=&#8221;16px|16px|16px|16px|true|true&#8221; border_radii=&#8221;on|10px|10px|10px|10px&#8221; border_color_all=&#8221;#9D7255&#8243; box_shadow_style=&#8221;preset7&#8243; box_shadow_color=&#8221;#9D7255&#8243; global_colors_info=&#8221;{}&#8221;][et_pb_text _builder_version=&#8221;4.19.4&#8243; _module_preset=&#8221;default&#8221; text_font=&#8221;Raleway|500|||||||&#8221; text_font_size=&#8221;16px&#8221; header_3_font=&#8221;Raleway|300|||||||&#8221; header_4_font=&#8221;Raleway|300|||||||&#8221; header_4_text_color=&#8221;#6F321C&#8221; text_orientation=&#8221;center&#8221; border_color_all=&#8221;#9D7255&#8243; border_width_bottom=&#8221;1px&#8221; global_colors_info=&#8221;{}&#8221;]<\/p>\n<h4>REDACCI\u00d3N PUBLICITARIA<\/h4>\n<p>[\/et_pb_text][et_pb_text _builder_version=&#8221;4.19.4&#8243; _module_preset=&#8221;default&#8221; border_color_all=&#8221;#9D7255&#8243; global_colors_info=&#8221;{}&#8221;]<\/p>\n<p style=\"text-align: left;\">Copys para redes sociales y materiales impresos, briefs, planes estrat\u00e9gicos, etc.<\/p>\n<p style=\"text-align: left;\">2 p\u00e1rrafos a \u00bd cuartilla $50<br \/>1 cuartilla $100<br \/>2 a 3 cuartillas $200<br \/>4 a 7 cuartillas $400<br \/>8 a 11 cuartillas $600<br \/>12 a 15 cuartillas $800<br \/>16 a 19 cuartillas $1000<br \/>20 a 23 cuartillas $1200<br \/>24 a 27 cuartillas $1400<br \/>27 a 30 cuartillas $1500<\/p>\n<p>[\/et_pb_text][\/et_pb_column][et_pb_column type=&#8221;1_2&#8243; _builder_version=&#8221;4.19.4&#8243; _module_preset=&#8221;default&#8221; background_color=&#8221;RGBA(255,255,255,0)&#8221; custom_padding=&#8221;16px|10px|16px|10px|true|true&#8221; border_radii=&#8221;on|10px|10px|10px|10px&#8221; border_color_all=&#8221;#9D7255&#8243; box_shadow_style=&#8221;preset4&#8243; box_shadow_color=&#8221;#9D7255&#8243; global_colors_info=&#8221;{}&#8221;][et_pb_text _builder_version=&#8221;4.19.4&#8243; _module_preset=&#8221;default&#8221; text_font=&#8221;|600|||||||&#8221; header_4_font=&#8221;Raleway|300|||||||&#8221; header_4_text_color=&#8221;#6F321C&#8221; text_orientation=&#8221;center&#8221; border_color_all=&#8221;#9D7255&#8243; border_width_bottom=&#8221;1px&#8221; global_colors_info=&#8221;{}&#8221;]<\/p>\n<h4>EDICI\u00d3N Y CORRECCI\u00d3N DE TEXTOS (TODO TIPO)<\/h4>\n<p>[\/et_pb_text][et_pb_text _builder_version=&#8221;4.19.4&#8243; _module_preset=&#8221;default&#8221; border_color_all=&#8221;#9D7255&#8243; global_colors_info=&#8221;{}&#8221;]<\/p>\n<p style=\"text-align: center;\">1\/2 a 1 cuartilla $60<br \/>2 a 3 cuartillas $180<br \/>4 a 7 cuartillas $360<br \/>8 a 11 cuartillas $460<br \/>12 a 15 cuartillas $600<br \/>16 a 19 cuartillas $730<br \/>20 a 23 cuartillas $820<br \/>24 o 25 cuartillas $900<br \/>25 a 30 cuartillas $1000<\/p>\n<p style=\"text-align: center;\">\n<p style=\"text-align: center;\">\n<p style=\"text-align: center;\">\n<p style=\"text-align: center;\">[\/et_pb_text][\/et_pb_column][\/et_pb_row][\/et_pb_section]<\/p>\n","protected":false},"excerpt":{"rendered":"<p>ESTRATEGIA DESDE LA ESCRITURAPara toda marca con miras profesionales y empresariales, la escritura y redaccio\u0301n es un pilar de la comunicacio\u0301n que interactu\u0301a como carta de presentacio\u0301n al pu\u0301blico, tanto en la Publicidad como en el Periodismo, la correcta escritura y redaccio\u0301n es vital para transmitir eficazmente un mensaje. &nbsp; COPYWRITING\/ REDACCI\u00d3N EDITORIAL &nbsp; Art\u00edculos, [&hellip;]<\/p>\n","protected":false},"author":1,"featured_media":0,"parent":0,"menu_order":0,"comment_status":"closed","ping_status":"closed","template":"","meta":{"_et_pb_use_builder":"on","_et_pb_old_content":"<!-- wp:divi\/placeholder \/-->","_et_gb_content_width":""},"yoast_head":"<!-- This site is optimized with the Yoast SEO plugin v20.1 - https:\/\/yoast.com\/wordpress\/plugins\/seo\/ -->\n<title>Escritura desde la estrategia &ndash; Itzel CComunica<\/title>\n<meta name=\"robots\" content=\"index, follow, max-snippet:-1, max-image-preview:large, max-video-preview:-1\" \/>\n<link rel=\"canonical\" href=\"https:\/\/itzelccomunica.com\/index.php\/escritura-desde-la-estrategia\/\" \/>\n<meta property=\"og:locale\" content=\"en_US\" \/>\n<meta property=\"og:type\" content=\"article\" \/>\n<meta property=\"og:title\" content=\"Escritura desde la estrategia &ndash; Itzel CComunica\" \/>\n<meta property=\"og:description\" content=\"ESTRATEGIA DESDE LA ESCRITURAPara toda marca con miras profesionales y empresariales, la escritura y redaccio\u0301n es un pilar de la comunicacio\u0301n que interactu\u0301a como carta de presentacio\u0301n al pu\u0301blico, tanto en la Publicidad como en el Periodismo, la correcta escritura y redaccio\u0301n es vital para transmitir eficazmente un mensaje. &nbsp; COPYWRITING\/ REDACCI\u00d3N EDITORIAL &nbsp; Art\u00edculos, [&hellip;]\" \/>\n<meta property=\"og:url\" content=\"https:\/\/itzelccomunica.com\/index.php\/escritura-desde-la-estrategia\/\" \/>\n<meta property=\"og:site_name\" content=\"Itzel CComunica\" \/>\n<meta property=\"article:modified_time\" content=\"2023-02-17T15:17:06+00:00\" \/>\n<meta property=\"og:image\" content=\"https:\/\/itzelccomunica.com\/wp-content\/uploads\/2023\/01\/LOGO-ITZEL.png\" \/>\n\t<meta property=\"og:image:width\" content=\"1500\" \/>\n\t<meta property=\"og:image:height\" content=\"515\" \/>\n\t<meta property=\"og:image:type\" content=\"image\/png\" \/>\n<meta name=\"twitter:card\" content=\"summary_large_image\" \/>\n<meta name=\"twitter:label1\" content=\"Est. reading time\" \/>\n\t<meta name=\"twitter:data1\" content=\"3 minutes\" \/>\n<script type=\"application\/ld+json\" class=\"yoast-schema-graph\">{\"@context\":\"https:\/\/schema.org\",\"@graph\":[{\"@type\":\"WebPage\",\"@id\":\"https:\/\/itzelccomunica.com\/index.php\/escritura-desde-la-estrategia\/\",\"url\":\"https:\/\/itzelccomunica.com\/index.php\/escritura-desde-la-estrategia\/\",\"name\":\"Escritura desde la estrategia &ndash; Itzel CComunica\",\"isPartOf\":{\"@id\":\"https:\/\/itzelccomunica.com\/#website\"},\"datePublished\":\"2022-12-26T15:48:38+00:00\",\"dateModified\":\"2023-02-17T15:17:06+00:00\",\"breadcrumb\":{\"@id\":\"https:\/\/itzelccomunica.com\/index.php\/escritura-desde-la-estrategia\/#breadcrumb\"},\"inLanguage\":\"en-US\",\"potentialAction\":[{\"@type\":\"ReadAction\",\"target\":[\"https:\/\/itzelccomunica.com\/index.php\/escritura-desde-la-estrategia\/\"]}]},{\"@type\":\"BreadcrumbList\",\"@id\":\"https:\/\/itzelccomunica.com\/index.php\/escritura-desde-la-estrategia\/#breadcrumb\",\"itemListElement\":[{\"@type\":\"ListItem\",\"position\":1,\"name\":\"Home\",\"item\":\"https:\/\/itzelccomunica.com\/\"},{\"@type\":\"ListItem\",\"position\":2,\"name\":\"Escritura desde la estrategia\"}]},{\"@type\":\"WebSite\",\"@id\":\"https:\/\/itzelccomunica.com\/#website\",\"url\":\"https:\/\/itzelccomunica.com\/\",\"name\":\"Itzel CComunica\",\"description\":\"Sera\u0301 un placer ayudarte a crear un lenguaje para tu marca, guiarte y transmitirlo.\",\"potentialAction\":[{\"@type\":\"SearchAction\",\"target\":{\"@type\":\"EntryPoint\",\"urlTemplate\":\"https:\/\/itzelccomunica.com\/?s={search_term_string}\"},\"query-input\":\"required name=search_term_string\"}],\"inLanguage\":\"en-US\"}]}<\/script>\n<!-- \/ Yoast SEO plugin. -->","yoast_head_json":{"title":"Escritura desde la estrategia &ndash; Itzel CComunica","robots":{"index":"index","follow":"follow","max-snippet":"max-snippet:-1","max-image-preview":"max-image-preview:large","max-video-preview":"max-video-preview:-1"},"canonical":"https:\/\/itzelccomunica.com\/index.php\/escritura-desde-la-estrategia\/","og_locale":"en_US","og_type":"article","og_title":"Escritura desde la estrategia &ndash; Itzel CComunica","og_description":"ESTRATEGIA DESDE LA ESCRITURAPara toda marca con miras profesionales y empresariales, la escritura y redaccio\u0301n es un pilar de la comunicacio\u0301n que interactu\u0301a como carta de presentacio\u0301n al pu\u0301blico, tanto en la Publicidad como en el Periodismo, la correcta escritura y redaccio\u0301n es vital para transmitir eficazmente un mensaje. &nbsp; COPYWRITING\/ REDACCI\u00d3N EDITORIAL &nbsp; Art\u00edculos, [&hellip;]","og_url":"https:\/\/itzelccomunica.com\/index.php\/escritura-desde-la-estrategia\/","og_site_name":"Itzel CComunica","article_modified_time":"2023-02-17T15:17:06+00:00","og_image":[{"width":1500,"height":515,"url":"https:\/\/itzelccomunica.com\/wp-content\/uploads\/2023\/01\/LOGO-ITZEL.png","type":"image\/png"}],"twitter_card":"summary_large_image","twitter_misc":{"Est. reading time":"3 minutes"},"schema":{"@context":"https:\/\/schema.org","@graph":[{"@type":"WebPage","@id":"https:\/\/itzelccomunica.com\/index.php\/escritura-desde-la-estrategia\/","url":"https:\/\/itzelccomunica.com\/index.php\/escritura-desde-la-estrategia\/","name":"Escritura desde la estrategia &ndash; Itzel CComunica","isPartOf":{"@id":"https:\/\/itzelccomunica.com\/#website"},"datePublished":"2022-12-26T15:48:38+00:00","dateModified":"2023-02-17T15:17:06+00:00","breadcrumb":{"@id":"https:\/\/itzelccomunica.com\/index.php\/escritura-desde-la-estrategia\/#breadcrumb"},"inLanguage":"en-US","potentialAction":[{"@type":"ReadAction","target":["https:\/\/itzelccomunica.com\/index.php\/escritura-desde-la-estrategia\/"]}]},{"@type":"BreadcrumbList","@id":"https:\/\/itzelccomunica.com\/index.php\/escritura-desde-la-estrategia\/#breadcrumb","itemListElement":[{"@type":"ListItem","position":1,"name":"Home","item":"https:\/\/itzelccomunica.com\/"},{"@type":"ListItem","position":2,"name":"Escritura desde la estrategia"}]},{"@type":"WebSite","@id":"https:\/\/itzelccomunica.com\/#website","url":"https:\/\/itzelccomunica.com\/","name":"Itzel CComunica","description":"Sera\u0301 un placer ayudarte a crear un lenguaje para tu marca, guiarte y transmitirlo.","potentialAction":[{"@type":"SearchAction","target":{"@type":"EntryPoint","urlTemplate":"https:\/\/itzelccomunica.com\/?s={search_term_string}"},"query-input":"required name=search_term_string"}],"inLanguage":"en-US"}]}},"_links":{"self":[{"href":"https:\/\/itzelccomunica.com\/index.php\/wp-json\/wp\/v2\/pages\/306"}],"collection":[{"href":"https:\/\/itzelccomunica.com\/index.php\/wp-json\/wp\/v2\/pages"}],"about":[{"href":"https:\/\/itzelccomunica.com\/index.php\/wp-json\/wp\/v2\/types\/page"}],"author":[{"embeddable":true,"href":"https:\/\/itzelccomunica.com\/index.php\/wp-json\/wp\/v2\/users\/1"}],"replies":[{"embeddable":true,"href":"https:\/\/itzelccomunica.com\/index.php\/wp-json\/wp\/v2\/comments?post=306"}],"version-history":[{"count":18,"href":"https:\/\/itzelccomunica.com\/index.php\/wp-json\/wp\/v2\/pages\/306\/revisions"}],"predecessor-version":[{"id":1113,"href":"https:\/\/itzelccomunica.com\/index.php\/wp-json\/wp\/v2\/pages\/306\/revisions\/1113"}],"wp:attachment":[{"href":"https:\/\/itzelccomunica.com\/index.php\/wp-json\/wp\/v2\/media?parent=306"}],"curies":[{"name":"wp","href":"https:\/\/api.w.org\/{rel}","templated":true}]}}